{"id":5537,"date":"2016-07-24T15:06:06","date_gmt":"2016-07-24T14:06:06","guid":{"rendered":"http:\/\/livre-europeen.eu\/?page_id=5537"},"modified":"2023-07-24T19:29:22","modified_gmt":"2023-07-24T18:29:22","slug":"le-prix","status":"publish","type":"page","link":"http:\/\/livre-europeen.eu\/?page_id=5537","title":{"rendered":"Qui sommes-nous ?"},"content":{"rendered":"<h4><strong>Le Prix du livre europ\u00e9en a \u00e9t\u00e9 cr\u00e9\u00e9 en 2007 par l\u2019association Esprit d\u2019Europe, avec le soutien de Jacques\u00a0Delors.<\/strong><\/h4>\n<p>L\u2019association Esprit d\u2019Europe, pr\u00e9sid\u00e9e par France\u00a0Roque, organise depuis lors la remise du Prix du livre europ\u00e9en chaque ann\u00e9e, d\u00e9but d\u00e9cembre, au Parlement europ\u00e9en \u00e0 Bruxelles.<\/p>\n<p>Une premi\u00e8re s\u00e9lection de livres est soumise au comit\u00e9 de parrainage du Prix, pr\u00e9sid\u00e9 par Pascal Lamy. Celui-ci d\u00e9termine ensuite une s\u00e9lection d\u00e9finitive, compos\u00e9e de cinq ouvrages. La s\u00e9lection est ensuite pr\u00e9sent\u00e9e au jury, pr\u00e9sid\u00e9 par Carole Bouquet, qui d\u00e9voilera le laur\u00e9at lors de la c\u00e9r\u00e9monie de remise de prix le mercredi 2 d\u00e9cembre 2020 \u00e0 Bruxelles. Le laur\u00e9at recevra la somme de dix-mille euro.<\/p>\n<hr \/>\n<h3 style=\"text-align: center;\">L&rsquo;\u00e9quipe<\/h3>\n<table style=\"width: 100%; border-collapse: collapse; border-style: hidden; border-color: #ffffff; background-color: #ffffff;\">\n<tbody>\n<tr>\n<td style=\"width: 33.3333%;\">&nbsp;<\/p>\n<p><img loading=\"lazy\" decoding=\"async\" class=\"wp-image-11557 size-full aligncenter\" src=\"http:\/\/livre-europeen.eu\/wp-content\/uploads\/2014\/09\/Pascal-Lamy.png\" alt=\"\" width=\"208\" height=\"208\" srcset=\"http:\/\/livre-europeen.eu\/wp-content\/uploads\/2014\/09\/Pascal-Lamy.png 208w, http:\/\/livre-europeen.eu\/wp-content\/uploads\/2014\/09\/Pascal-Lamy-150x150.png 150w\" sizes=\"(max-width: 208px) 100vw, 208px\" \/><\/p>\n<h3 style=\"text-align: center;\"><a href=\"http:\/\/livre-europeen.eu\/?p=11564\">Pascal Lamy<\/a><\/h3>\n<p style=\"text-align: center;\">Administrateur<\/p>\n<\/td>\n<td style=\"width: 33.3333%;\">&nbsp;<\/p>\n<p><img loading=\"lazy\" decoding=\"async\" class=\"wp-image-12039 size-full aligncenter\" src=\"http:\/\/livre-europeen.eu\/wp-content\/uploads\/2023\/07\/franec-roque.png\" alt=\"france roque\" width=\"208\" height=\"208\" srcset=\"http:\/\/livre-europeen.eu\/wp-content\/uploads\/2023\/07\/franec-roque.png 208w, http:\/\/livre-europeen.eu\/wp-content\/uploads\/2023\/07\/franec-roque-150x150.png 150w\" sizes=\"(max-width: 208px) 100vw, 208px\" \/><\/p>\n<h3 style=\"text-align: center;\"><a href=\"http:\/\/livre-europeen.eu\/?p=2389\">France Roque<\/a><\/h3>\n<p style=\"text-align: center;\">Pr\u00e9sidente<\/p>\n<\/td>\n<td style=\"width: 33.3333%;\">&nbsp;<\/p>\n<p><img loading=\"lazy\" decoding=\"async\" class=\"size-full wp-image-11559 aligncenter\" src=\"http:\/\/livre-europeen.eu\/wp-content\/uploads\/2014\/09\/Marie-Riber.png\" alt=\"\" width=\"208\" height=\"208\" srcset=\"http:\/\/livre-europeen.eu\/wp-content\/uploads\/2014\/09\/Marie-Riber.png 208w, http:\/\/livre-europeen.eu\/wp-content\/uploads\/2014\/09\/Marie-Riber-150x150.png 150w\" sizes=\"(max-width: 208px) 100vw, 208px\" \/><\/p>\n<h3 style=\"text-align: center;\"><a href=\"http:\/\/livre-europeen.eu\/?p=11562\">Marie Riber<\/a><\/h3>\n<p style=\"text-align: center;\">Secr\u00e9taire g\u00e9n\u00e9rale<\/p>\n<\/td>\n<\/tr>\n<tr>\n<td style=\"width: 33.3333%;\">&nbsp;<\/p>\n<p><img loading=\"lazy\" decoding=\"async\" class=\"aligncenter wp-image-10968\" src=\"http:\/\/livre-europeen.eu\/wp-content\/uploads\/2019\/09\/francois-xavier-priollaud.jpg\" alt=\"\" width=\"209\" height=\"209\" srcset=\"http:\/\/livre-europeen.eu\/wp-content\/uploads\/2019\/09\/francois-xavier-priollaud.jpg 512w, http:\/\/livre-europeen.eu\/wp-content\/uploads\/2019\/09\/francois-xavier-priollaud-150x150.jpg 150w, http:\/\/livre-europeen.eu\/wp-content\/uploads\/2019\/09\/francois-xavier-priollaud-300x300.jpg 300w\" sizes=\"(max-width: 209px) 100vw, 209px\" \/><\/p>\n<h3 style=\"text-align: center;\"><a href=\"http:\/\/livre-europeen.eu\/?p=2518\">Fran\u00e7ois-Xavier Priollaud<\/a><\/h3>\n<p style=\"text-align: center;\">Secr\u00e9taire g\u00e9n\u00e9ral adjoint<\/p>\n<\/td>\n<td style=\"width: 33.3333%;\">&nbsp;<\/p>\n<p><img loading=\"lazy\" decoding=\"async\" class=\"aligncenter wp-image-5748\" src=\"http:\/\/livre-europeen.eu\/wp-content\/uploads\/2017\/01\/dominique_bocquet.jpg\" alt=\"\" width=\"208\" height=\"208\" srcset=\"http:\/\/livre-europeen.eu\/wp-content\/uploads\/2017\/01\/dominique_bocquet.jpg 219w, http:\/\/livre-europeen.eu\/wp-content\/uploads\/2017\/01\/dominique_bocquet-150x150.jpg 150w\" sizes=\"(max-width: 208px) 100vw, 208px\" \/><\/p>\n<h3 style=\"text-align: center;\"><a href=\"http:\/\/livre-europeen.eu\/?p=2523\">Dominique Bocquet<\/a><\/h3>\n<p style=\"text-align: center;\">Administrateur<\/p>\n<\/td>\n<td style=\"width: 33.3333%;\">&nbsp;<\/p>\n<p><img loading=\"lazy\" decoding=\"async\" class=\"wp-image-5746 aligncenter\" src=\"http:\/\/livre-europeen.eu\/wp-content\/uploads\/2017\/01\/erik_orsenna.jpg\" alt=\"\" width=\"208\" height=\"208\" srcset=\"http:\/\/livre-europeen.eu\/wp-content\/uploads\/2017\/01\/erik_orsenna.jpg 777w, http:\/\/livre-europeen.eu\/wp-content\/uploads\/2017\/01\/erik_orsenna-150x150.jpg 150w, http:\/\/livre-europeen.eu\/wp-content\/uploads\/2017\/01\/erik_orsenna-300x300.jpg 300w\" sizes=\"(max-width: 208px) 100vw, 208px\" \/><\/p>\n<h3 style=\"text-align: center;\"><a href=\"http:\/\/livre-europeen.eu\/?p=4949\">\u00c9rik Orsenna<\/a><\/h3>\n<p style=\"text-align: center;\">Administrateur<\/p>\n<\/td>\n<\/tr>\n<tr>\n<td style=\"width: 33.3333%;\"><\/td>\n<td style=\"width: 33.3333%;\">&nbsp;<\/p>\n<p><img loading=\"lazy\" decoding=\"async\" class=\"size-full wp-image-11558 aligncenter\" src=\"http:\/\/livre-europeen.eu\/wp-content\/uploads\/2014\/09\/stephanemeuleau.png\" alt=\"\" width=\"208\" height=\"208\" srcset=\"http:\/\/livre-europeen.eu\/wp-content\/uploads\/2014\/09\/stephanemeuleau.png 208w, http:\/\/livre-europeen.eu\/wp-content\/uploads\/2014\/09\/stephanemeuleau-150x150.png 150w\" sizes=\"(max-width: 208px) 100vw, 208px\" \/><\/p>\n<h3 style=\"text-align: center;\"><a href=\"http:\/\/livre-europeen.eu\/?p=11570\">St\u00e9phane Meuleau<\/a><\/h3>\n<p style=\"text-align: center;\">Tr\u00e9sori\u00e8re<\/p>\n<\/td>\n<td style=\"width: 33.3333%;\"><\/td>\n<\/tr>\n<\/tbody>\n<\/table>\n<h3><strong>Contact presse &#8211; Florian Tessandier :<\/strong>\u00a0+33 (0) 1 42 33 48 70<\/h3>\n","protected":false},"excerpt":{"rendered":"<p> &#8230; <a class=\"read-more\" href=\"http:\/\/livre-europeen.eu\/?page_id=5537\">en savoir plus<\/a><\/p>\n","protected":false},"author":1,"featured_media":0,"parent":0,"menu_order":0,"comment_status":"closed","ping_status":"closed","template":"","meta":{"footnotes":""},"wps_subtitle":"","_links":{"self":[{"href":"http:\/\/livre-europeen.eu\/index.php?rest_route=\/wp\/v2\/pages\/5537"}],"collection":[{"href":"http:\/\/livre-europeen.eu\/index.php?rest_route=\/wp\/v2\/pages"}],"about":[{"href":"http:\/\/livre-europeen.eu\/index.php?rest_route=\/wp\/v2\/types\/page"}],"author":[{"embeddable":true,"href":"http:\/\/livre-europeen.eu\/index.php?rest_route=\/wp\/v2\/users\/1"}],"replies":[{"embeddable":true,"href":"http:\/\/livre-europeen.eu\/index.php?rest_route=%2Fwp%2Fv2%2Fcomments&post=5537"}],"version-history":[{"count":55,"href":"http:\/\/livre-europeen.eu\/index.php?rest_route=\/wp\/v2\/pages\/5537\/revisions"}],"predecessor-version":[{"id":12043,"href":"http:\/\/livre-europeen.eu\/index.php?rest_route=\/wp\/v2\/pages\/5537\/revisions\/12043"}],"wp:attachment":[{"href":"http:\/\/livre-europeen.eu\/index.php?rest_route=%2Fwp%2Fv2%2Fmedia&parent=5537"}],"curies":[{"name":"wp","href":"https:\/\/api.w.org\/{rel}","templated":true}]}}